{"id":2816,"date":"2023-01-13T08:21:06","date_gmt":"2023-01-13T07:21:06","guid":{"rendered":"https:\/\/15.236.65.116\/cookies-policy\/"},"modified":"2023-09-05T14:45:36","modified_gmt":"2023-09-05T12:45:36","slug":"privacy-policy","status":"publish","type":"page","link":"https:\/\/stellar-ix.com\/en\/privacy-policy\/","title":{"rendered":"Privacy Policy"},"content":{"rendered":"<p>I- INTRODUCTION STELLAR-IX est une entreprise sp\u00e9cialis\u00e9e dans l\u2019h\u00e9bergement de donn\u00e9es et la gestion d\u2019infrastructures. La soci\u00e9t\u00e9 propose des services de colocation, de cloud, de virtualisation et d\u2019interconnexion ainsi qu\u2019une large gamme de s<\/p>\n<p>olutions informatiques L\u2019entreprise STELLAR-IX s\u2019appuie sur des informations, qui se pr\u00e9sentent sous des formes vari\u00e9es, pour fournir des services aux clients. De ce fait, la protection de ces informations et le respect de la vie priv\u00e9e sont fondamentales pour ses op\u00e9rations quotidiennes et son succ\u00e8s. A. Objectif et p\u00e9rim\u00e8tre de la politique de confidentialit\u00e9 La pr\u00e9sente politique de confidentialit\u00e9 (ci-apr\u00e8s d\u00e9sign\u00e9e \u00ab\u00a0la Politique\u00a0\u00bb a pour objectif d\u2019informer les internautes et utilisateurs \u00a0du Site sur la fa\u00e7on dont l\u2019entreprise STELLAR-IX collecte, utilise et prot\u00e8ge les donn\u00e9es \u00e0 caract\u00e8re personnel li\u00e9es au site internet et aux services num\u00e9riques STELLAR-IX\u00a0; sur les droits dont ils disposent concernant ces donn\u00e9es\u00a0; sur les destinataires de ces donn\u00e9es \u00e0 caract\u00e8re personnel\u00a0; sur la politique du site en mati\u00e8re de cookies. Cette Politique compl\u00e8te les Conditions G\u00e9n\u00e9rales d\u2019Utilisation consultables par les utilisateurs \u00e0 l\u2019adresse suivante [Ins\u00e9rer l\u2019URL permettant d\u2019acc\u00e9der aux Conditions G\u00e9n\u00e9rales d\u2019Utilisations]. Elle s\u2019applique \u00e0 toutes les donn\u00e9es \u00e0 caract\u00e8re personnel que l\u2019entreprise STELLAR-IX traite notamment lorsque les internautes et utilisateurs utilisent les services mis \u00e0 leur disposition, visitent notre site internet ou lorsqu\u2019ils interagissent avec nous par les diff\u00e9rents canaux mis \u00e0 leur disposition. Il est important que les utilisateurs prennent connaissance de cette Politique, ainsi que toute autre politique relative \u00e0 la confidentialit\u00e9 que l\u2019entreprise STELLAR-IX pourrait \u00eatre amen\u00e9s \u00e0 publier afin d\u2019\u00eatre pleinement inform\u00e9 des traitements de donn\u00e9es \u00e0 caract\u00e8re personnel les concernant, des moyens mis en \u0153uvre pour les prot\u00e9ger ainsi que des modalit\u00e9s selon lesquelles ils peuvent exercer leurs droits. La Loi 2014-038 du 15 Janvier 2015 sur la protection des donn\u00e9es \u00e0 caract\u00e8re personnel d\u00e9finit les principes \u00e0 respecter lors de la collecte, du traitement et de la conservation des donn\u00e9es \u00e0 caract\u00e8re personnel. Les droits des personnes concern\u00e9s y sont \u00e9galement d\u00e9finis. STELLAR-IX s\u2019engage \u00e0 respecter les dispositions pr\u00e9vues par cette Loi. B. STELLAR-IX Dans cette pr\u00e9sente Politique, \u00ab\u00a0l\u2019entreprise STELLAR-IX\u00a0\u00bb d\u00e9signe la soci\u00e9t\u00e9 STELLAR-IX, dont le si\u00e8ge social est situ\u00e9 au B\u00e2timent KUBE D, Zone Galaxy Andraharo, Antananarivo. Pour en savoir plus, vous pouvez consulter la page d\u00e9di\u00e9e sur le site www.stellar-ix.com Sites internet de tierces parties Le site internet de l\u2019entreprise STELLAR-IX contient des liens vers d\u2019autres sites internet. Si vous suivez ces liens, vous sortez de notre site internet. L\u2019entreprise STELLAR-IX n\u2019est pas responsable des traitements qui sont r\u00e9alis\u00e9s sur les sites internet de ces tiers. La pr\u00e9sente Politique n\u2019est pas applicable \u00e0 ces sites internet. Pour en savoir plus sur la fa\u00e7on dont ces tiers traitent vos donn\u00e9es \u00e0 caract\u00e8re personnel, vous pouvez consulter leurs politiques de protection des donn\u00e9es \u00e0 caract\u00e8re personnel. II- PRINCIPES RELATIFS A LA COLLECTE ET AU TRAITEMENT DES DONNEES PERSONNELLES Conform\u00e9ment \u00e0 l\u2019article 14 de la loi 2014-038 du 15 Janvier 2015 sur la protection des donn\u00e9es \u00e0 caract\u00e8re personnel, les donn\u00e9es \u00e0 caract\u00e8re personnel sont\u00a0: &#8211; collect\u00e9es et trait\u00e9es, de mani\u00e8re loyale, licite et non frauduleuse pour des finalit\u00e9s d\u00e9termin\u00e9es, explicites et l\u00e9gitimes ; \u00e0 cet effet, elles ne doivent pas \u00eatre utilis\u00e9es ult\u00e9rieurement pour d\u2019autres finalit\u00e9s sauf consentement de la personne concern\u00e9e ou finalit\u00e9 pr\u00e9vue dans une disposition l\u00e9gislative ; &#8211; ad\u00e9quates, pertinentes et non excessives au regard des finalit\u00e9s pour lesquelles elles sont collect\u00e9es ou utilis\u00e9es ; &#8211; exactes, compl\u00e8tes et si n\u00e9cessaire mises \u00e0 jour ; toutes les mesures n\u00e9cessaires raisonnables doivent \u00eatre prises pour que les donn\u00e9es inexactes ou incompl\u00e8tes, au regard des finalit\u00e9s pour lesquelles elles sont collect\u00e9es ou pour lesquelles elles sont trait\u00e9es ult\u00e9rieurement, soient effac\u00e9es ou rectifi\u00e9es ; &#8211; conserv\u00e9es sous une forme permettant l\u2019identification des personnes concern\u00e9es pendant une dur\u00e9e qui n\u2019exc\u00e8de pas celle n\u00e9cessaire aux finalit\u00e9s pour lesquelles elles sont collect\u00e9es ou utilis\u00e9es. III &#8211; BASES LEGALES DES COLLECTE ET TRAITEMENT\u00a0 DES DONNEES PERSONNELLES Vos donn\u00e9es \u00e0 caract\u00e8re personnel sont collect\u00e9es et trait\u00e9es sur les bases l\u00e9gales suivantes : \u00e0 des fins d\u2019int\u00e9r\u00eat l\u00e9gitime ; sur le fondement de votre consentement ; dans le but d\u2019assurer le respect de nos obligations l\u00e9gales et r\u00e9glementaires. IV- FINALITES DES TRAITEMENTS Vos donn\u00e9es \u00e0 caract\u00e8re personnel sont trait\u00e9es pour les finalit\u00e9s suivantes : La gestion des op\u00e9rations de recrutement; La constitution d\u2019un r\u00e9seau de talents; La gestion de vos demandes d\u2019exercice de droits sur vos donn\u00e9es \u00e0 caract\u00e8re personnel; La communication (r\u00e9ponses aux questions, plaintes, ou demandes au sujet des m\u00e9tiers, des marques, de la strat\u00e9gie et des valeurs du l\u2019entreprise STELLAR-IX); \u00a0 V- DONNEES PERSONNELLES COLLECTEES ET TRAIT\u00c9ES DANS LE CADRE DE NAVIGATION DANS LE SITE L\u2019entreprise STELLAR-IX est amen\u00e9e \u00e0 collecter et traiter les donn\u00e9es \u00e0 caract\u00e8re personnel suivantes : Les donn\u00e9es d\u2019identification (exemples : nom, pr\u00e9nom, adresse \u00e9lectronique, adresse postale, num\u00e9ro de t\u00e9l\u00e9phone) ; Les donn\u00e9es relatives \u00e0 l\u2019\u00e9valuation des comp\u00e9tences, aptitudes et motivations (CV, dipl\u00f4mes obtenus, fonctions exerc\u00e9es, lettre de motivation) ; Les donn\u00e9es de connexion (exemple : adresse IP, logs de connexion). Dans l\u2019hypoth\u00e8se o\u00f9 les donn\u00e9es \u00e0 caract\u00e8re personnel sont collect\u00e9es par le biais d\u2019un formulaire, un ast\u00e9risque (*) \u00e0 c\u00f4t\u00e9 des champs concern\u00e9s informera du caract\u00e8re obligatoire des informations \u00e0 compl\u00e9ter. L\u2019absence d\u2019ast\u00e9risque signifie que les informations demand\u00e9es ne sont pas obligatoires. Seules les donn\u00e9es \u00e0 caract\u00e8re personnel qui sont strictement n\u00e9cessaires au regard des finalit\u00e9s d\u00e9crites ci-dessus sont collect\u00e9es. VI. HEBERGEMENT DES DONNEES Le site www.stellar-ix.com est h\u00e9berg\u00e9 par :\u00a0 STELLARIX Kube D, Galaxy, Andraharo, 102 Antananarivo, Madagascar juridique@15.236.65.116 VII- DESTINATAIRES DES DONN\u00c9ES \u00c0 CARACT\u00c8RE PERSONNEL Vos donn\u00e9es \u00e0 caract\u00e8re personnel sont trait\u00e9es par l\u2019entreprise STELLAR-IX. En fonction des traitements r\u00e9alis\u00e9s, les destinataires desdites donn\u00e9es \u00e0 caract\u00e8re personnel sont : Les services internes du l\u2019entreprise STELLAR-IX (service RH, service communication, \u2026) ; Les autres entit\u00e9s du groupe Axian dont l\u2019entreprise STELLAR-IX le cas \u00e9ch\u00e9ant; Les prestataires et partenaires intervenant pour notre compte dans le cadre des finalit\u00e9s mentionn\u00e9es ci-dessus. VIII-\u00a0DUREE DE CONSERVATION DES DONNEES PERSONNELLES Les donn\u00e9es \u00e0 caract\u00e8re personnel collect\u00e9es sont conserv\u00e9es pendant les d\u00e9lais l\u00e9gaux et r\u00e8glementaires en vigueur y aff\u00e9rents. N\u00e9anmoins, vos donn\u00e9es \u00e0 caract\u00e8re personnel ne sont conserv\u00e9es que pour la dur\u00e9e strictement n\u00e9cessaire \u00e0 l\u2019accomplissement des finalit\u00e9s pour lesquelles elles sont collect\u00e9es et trait\u00e9es lorsqu\u2019elles ne sont soumises \u00e0 aucun d\u00e9lai de conservation l\u00e9gal, ni r\u00e9glementaire sp\u00e9cifique. Par ailleurs, si votre candidature n\u2019a pas \u00e9t\u00e9 retenue pour un ou plusieurs emplois auxquels vous avez postul\u00e9, l\u2019entreprise STELLAR-IX se r\u00e9serve le droit de conserver votre CV dans la CV-th\u00e8que (ou \u00ab vivier de talents \u00bb) pendant une dur\u00e9e maximale de deux ans apr\u00e8s r\u00e9ception de votre candidature, ceci afin d\u2019\u00e9valuer si votre profil peut correspondre \u00e0 une offre d\u2019emploi ult\u00e9rieure, et prendre contact avec vous le cas \u00e9ch\u00e9ant. Par d\u00e9faut, vos donn\u00e9es de connexion, de navigation et de trafic ne sont pas conserv\u00e9es au-del\u00e0 d\u2019un (01) an. N\u00e9anmoins, vos donn\u00e9es \u00e0 caract\u00e8re personnel sont conserv\u00e9es pour une dur\u00e9e plus importante lorsque les obligations l\u00e9gales et r\u00e9glementaires nous l\u2019imposent. IX- RESPONSABLE DU TRAITEMENT ET DELEGUE A LA PROTECTION DES DONNEES Le responsable du traitement est la soci\u00e9t\u00e9 STELLAR-IX, soci\u00e9t\u00e9 \u00e0 responsabilit\u00e9 limit\u00e9e, enregistr\u00e9e au R.C.S. d\u2019Antananarivo sous le num\u00e9ro A AJOUTER , sise Immeuble KUBE D 5\u00e8me\u00a0\u00e9tage, Zone Galaxy Andraharo, Analamanga, 101 Antananarivo Renivohitra, Madagascar. Le d\u00e9l\u00e9gu\u00e9 \u00e0 la protection des donn\u00e9es de l\u2019entreprise ou du responsable est : Pour toute question relative \u00e0 la politique de protection des donn\u00e9es \u00e0 caract\u00e8re personnel ainsi qu\u2019au traitement desdites donn\u00e9es \u00e0 caract\u00e8re personnel, nous vous invitons \u00e0 contacter le responsable en lui adressant un email \u00e0 l\u2019adresse mentionn\u00e9e ci-dessus\u00a0; X- NATURE ET EXERCICE DES DROITS RELATIFS AUX DONNEES PERSONNELLES Dans le cadre du traitement des donn\u00e9es \u00e0 caract\u00e8re personnel, les internautes et utilisateurs disposent du : droit d\u2019acc\u00e8s ; droit d\u2019interrogation sur le traitement de vos donn\u00e9es; droit de rectification: mise \u00e0 jour et\/ou compl\u00e9ment d\u2019informations ; droit \u00e0 l\u2019effacement lorsque les donn\u00e9es ne sont plus n\u00e9cessaires au regard des finalit\u00e9s pour lesquelles elles ont \u00e9t\u00e9 collect\u00e9es \u2013 ce droit peut s\u2019exercer dans la mesure o\u00f9 il ne nuit pas\/n\u2019impacte pas \u00e0 l\u2019ex\u00e9cution du contrat ou au respect de nos obligations l\u00e9gales et r\u00e9glementaires ; droit \u00e0 la limitation d\u2019un ou plusieurs traitements de vos donn\u00e9es \u00e0 caract\u00e8re personnel ; droits de modification et\/ou de retrait, \u00e0 tout moment, des consentements concernant le traitement de vos donn\u00e9es \u00e0 caract\u00e8re personnel reposant uniquement sur votre consentement ; droit d\u2019opposition \u00e0 un traitement de vos donn\u00e9es \u00e0 caract\u00e8re personnel, en particulier s\u2019agissant de la prospection commerciale ; droit \u00e0 la portabilit\u00e9 de vos donn\u00e9es \u00e0 caract\u00e8re personnel. Vous disposez \u00e9galement du droit de sp\u00e9cifier la mani\u00e8re dont vous souhaitez que vos donn\u00e9es \u00e0 caract\u00e8re personnel soit trait\u00e9es apr\u00e8s votre d\u00e9c\u00e8s. Afin que les informations dont nous disposons \u00e0 votre sujet soit toujours exactes, nous vous recommandons d\u2019actualiser r\u00e9guli\u00e8rement vos donn\u00e9es \u00e0 caract\u00e8re personnel. Comment exercer mes droits ? Pour exercer vos droits, vous pouvez formuler toute demande d\u2019exercice de vos droits relatifs \u00e0 vos donn\u00e9es \u00e0 caract\u00e8re personnel en contactant le responsable \u00e0 la protection des donn\u00e9es par email :\u00a0 \u00e0 FOURNIR[ER1]\u00a0 Afin que le responsable du traitement des donn\u00e9es puisse faire droit \u00e0 sa demande, l\u2019utilisateur peut \u00eatre tenu de lui communiquer certaines informations telles que : ses noms et pr\u00e9noms, son adresse e-mail ainsi que son num\u00e9ro de compte, d\u2019espace personnel ou d\u2019abonn\u00e9.\u00a0 En cas d\u2019insatisfaction, vous disposez du droit de saisir l\u2019autorit\u00e9 comp\u00e9tente en la mati\u00e8re, la Commission Malagasy de l\u2019Informatique et des Libert\u00e9s (CMIL). XI- MESURES DE SECURIT\u00c9 En tant que responsable de traitement, l\u2019entreprise STELLAR-IX prend toutes les mesures utiles et requises pour pr\u00e9server la s\u00e9curit\u00e9 et la confidentialit\u00e9 des donn\u00e9es et notamment, emp\u00eacher qu\u2019elles soient endommag\u00e9es, ou que des tiers non autoris\u00e9s y aient acc\u00e8s. A cette fin, toutes les mesures physiques, techniques et organisationnelles pour garantir un niveau de s\u00e9curit\u00e9 ad\u00e9quat et adapt\u00e9 aux risques sont mises en \u0153uvre. \u00a0[ER1]Ce qui est requis par la loi, cette personne doit \u00eatre d\u00e9sign\u00e9e dans le document comme \u00e9tant le d\u00e9l\u00e9gu\u00e9 \u00e0 la protection des donn\u00e9es XI- COOKIES Les cookies sont de petits fichiers texte identifiant de mani\u00e8re unique votre navigateur ou votre appareil. Le cookie est plac\u00e9 sur votre navigateur ou votre appareil par le site Internet que vous visitez. Lorsque vous retournez sur ce site Internet (ou que vous visitez des sites Internet ou applications mobiles qui utilisent les m\u00eames cookies), ces sites Internet reconnaissent les cookies et votre appareil. Des cookies et autres traceurs peuvent \u00eatre install\u00e9s et\/ou lus dans votre navigateur lors de votre visite sur notre site Internet. Les cookies d\u00e9pos\u00e9s par l\u2019entreprise STELLAR-IX permettent de collecter des informations sur la mani\u00e8re dont vous utilisez nos services et dont nous vous offrons certaines fonctionnalit\u00e9s. L\u2019entreprise STELLAR-IX utilise des cookies fonctionnels et analytiques pour permettre le bon fonctionnement de ce site et vous offrir la meilleure exp\u00e9rience possible. Si vous utilisez ce site, des cookies fonctionnels et analytiques vont \u00eatre install\u00e9s sur votre navigateur. Si vous ne souhaitez pas que nos sites et nos services enregistrent des cookies dans votre navigateur autres que ceux n\u00e9cessaires au bon fonctionnement des sites \/ services, vous pouvez cliquer sur les liens suivants o\u00f9 vous trouverez des informations suppl\u00e9mentaires : Cookies Google Analytics\u00a0https:\/\/tools.google.com\/dlpage\/gaoptout XII- MODIFICATION DE LA POLITIQUE La pr\u00e9sente Politique a vocation \u00e0 \u00e9voluer et est donc susceptible d\u2019\u00eatre modifi\u00e9e, notamment afin d\u2019assurer aux utilisateurs du site sa conformit\u00e9 avec les r\u00e9glementations en vigueur. En cas de modifications mineures, la nouvelle Politique sera mise \u00e0 jour sur le site. En cas de modifications substantielles portant par exemple sur les finalit\u00e9s, l\u2019exercice de vos droits, vous en serez tenu inform\u00e9 par tout moyen utile. Toutefois, l\u2019utilisateur est invit\u00e9 \u00e0 prendre connaissance de cette Politique \u00e0 chaque fois qu\u2019il utilise nos services, sans qu\u2019il soit n\u00e9cessaire de l\u2019en pr\u00e9venir formellement.\u00a0 La pr\u00e9sente politique, \u00e9dit\u00e9e le 13\/03\/2023, a \u00e9t\u00e9 mise \u00e0 jour le 13\/03\/2023.<\/p>\n","protected":false},"excerpt":{"rendered":"<p>I- INTRODUCTION STELLAR-IX est une entreprise sp\u00e9cialis\u00e9e dans l\u2019h\u00e9bergement de donn\u00e9es et la gestion d\u2019infrastructures. La soci\u00e9t\u00e9 propose des services de colocation, de cloud, de virtualisation et d\u2019interconnexion ainsi qu\u2019une large gamme de s olutions informatiques L\u2019entreprise STELLAR-IX s\u2019appuie sur des informations, qui se pr\u00e9sentent sous des formes vari\u00e9es, pour fournir des services aux clients. [&hellip;]<\/p>\n","protected":false},"author":9,"featured_media":0,"parent":0,"menu_order":0,"comment_status":"closed","ping_status":"closed","template":"","meta":{"_acf_changed":false,"om_disable_all_campaigns":false,"_monsterinsights_skip_tracking":false,"_monsterinsights_sitenote_active":false,"_monsterinsights_sitenote_note":"","_monsterinsights_sitenote_category":0,"footnotes":""},"class_list":["post-2816","page","type-page","status-publish","hentry"],"acf":[],"yoast_head":"<!-- This site is optimized with the Yoast SEO plugin v25.1 - https:\/\/yoast.com\/wordpress\/plugins\/seo\/ -->\n<title>Please refer to STELLARIX privacy policy.<\/title>\n<meta name=\"description\" content=\"See our privacy policy, which protects your personal data. We are committed to ensuring the security and confidentiality of your information.\" \/>\n<meta name=\"robots\" content=\"index, follow, max-snippet:-1, max-image-preview:large, max-video-preview:-1\" \/>\n<link rel=\"canonical\" href=\"https:\/\/www.stellar-ix.com\/en\/privacy-policy\/\" \/>\n<meta property=\"og:locale\" content=\"en_US\" \/>\n<meta property=\"og:type\" content=\"article\" \/>\n<meta property=\"og:title\" content=\"Please refer to STELLARIX privacy policy.\" \/>\n<meta property=\"og:description\" content=\"See our privacy policy, which protects your personal data. We are committed to ensuring the security and confidentiality of your information.\" \/>\n<meta property=\"og:url\" content=\"https:\/\/www.stellar-ix.com\/en\/privacy-policy\/\" \/>\n<meta property=\"og:site_name\" content=\"STELLARIX\" \/>\n<meta property=\"article:modified_time\" content=\"2023-09-05T12:45:36+00:00\" \/>\n<meta name=\"twitter:label1\" content=\"Est. reading time\" \/>\n\t<meta name=\"twitter:data1\" content=\"10 minutes\" \/>\n<!-- \/ Yoast SEO plugin. -->","yoast_head_json":{"title":"Please refer to STELLARIX privacy policy.","description":"See our privacy policy, which protects your personal data. We are committed to ensuring the security and confidentiality of your information.","robots":{"index":"index","follow":"follow","max-snippet":"max-snippet:-1","max-image-preview":"max-image-preview:large","max-video-preview":"max-video-preview:-1"},"canonical":"https:\/\/www.stellar-ix.com\/en\/privacy-policy\/","og_locale":"en_US","og_type":"article","og_title":"Please refer to STELLARIX privacy policy.","og_description":"See our privacy policy, which protects your personal data. We are committed to ensuring the security and confidentiality of your information.","og_url":"https:\/\/www.stellar-ix.com\/en\/privacy-policy\/","og_site_name":"STELLARIX","article_modified_time":"2023-09-05T12:45:36+00:00","twitter_misc":{"Est. reading time":"10 minutes"},"schema":{"@context":"https:\/\/schema.org","@graph":[{"@type":"WebPage","@id":"https:\/\/www.stellar-ix.com\/en\/privacy-policy\/","url":"https:\/\/www.stellar-ix.com\/en\/privacy-policy\/","name":"Please refer to STELLARIX privacy policy.","isPartOf":{"@id":"https:\/\/stellar-ix.com\/#website"},"datePublished":"2023-01-13T07:21:06+00:00","dateModified":"2023-09-05T12:45:36+00:00","description":"See our privacy policy, which protects your personal data. We are committed to ensuring the security and confidentiality of your information.","breadcrumb":{"@id":"https:\/\/www.stellar-ix.com\/en\/privacy-policy\/#breadcrumb"},"inLanguage":"en-US","potentialAction":[{"@type":"ReadAction","target":["https:\/\/www.stellar-ix.com\/en\/privacy-policy\/"]}]},{"@type":"BreadcrumbList","@id":"https:\/\/www.stellar-ix.com\/en\/privacy-policy\/#breadcrumb","itemListElement":[{"@type":"ListItem","position":1,"name":"Home","item":"https:\/\/www.stellar-ix.com\/en\/"},{"@type":"ListItem","position":2,"name":"Privacy Policy"}]},{"@type":"WebSite","@id":"https:\/\/stellar-ix.com\/#website","url":"https:\/\/stellar-ix.com\/","name":"STELLARIX","description":"Streamline your digital transformation","potentialAction":[{"@type":"SearchAction","target":{"@type":"EntryPoint","urlTemplate":"https:\/\/stellar-ix.com\/?s={search_term_string}"},"query-input":{"@type":"PropertyValueSpecification","valueRequired":true,"valueName":"search_term_string"}}],"inLanguage":"en-US"}]}},"_links":{"self":[{"href":"https:\/\/stellar-ix.com\/en\/wp-json\/wp\/v2\/pages\/2816","targetHints":{"allow":["GET"]}}],"collection":[{"href":"https:\/\/stellar-ix.com\/en\/wp-json\/wp\/v2\/pages"}],"about":[{"href":"https:\/\/stellar-ix.com\/en\/wp-json\/wp\/v2\/types\/page"}],"author":[{"embeddable":true,"href":"https:\/\/stellar-ix.com\/en\/wp-json\/wp\/v2\/users\/9"}],"replies":[{"embeddable":true,"href":"https:\/\/stellar-ix.com\/en\/wp-json\/wp\/v2\/comments?post=2816"}],"version-history":[{"count":5,"href":"https:\/\/stellar-ix.com\/en\/wp-json\/wp\/v2\/pages\/2816\/revisions"}],"predecessor-version":[{"id":3078,"href":"https:\/\/stellar-ix.com\/en\/wp-json\/wp\/v2\/pages\/2816\/revisions\/3078"}],"wp:attachment":[{"href":"https:\/\/stellar-ix.com\/en\/wp-json\/wp\/v2\/media?parent=2816"}],"curies":[{"name":"wp","href":"https:\/\/api.w.org\/{rel}","templated":true}]}}