{"id":2805,"date":"2023-01-27T08:23:21","date_gmt":"2023-01-27T05:23:21","guid":{"rendered":"https:\/\/15.236.65.116\/actualites\/"},"modified":"2026-01-22T16:25:07","modified_gmt":"2026-01-22T13:25:07","slug":"news","status":"publish","type":"page","link":"https:\/\/stellar-ix.com\/en\/news\/","title":{"rendered":"News"},"content":{"rendered":"","protected":false},"excerpt":{"rendered":"","protected":false},"author":9,"featured_media":2122,"parent":0,"menu_order":0,"comment_status":"closed","ping_status":"closed","template":"page-templates\/list-actualites.php","meta":{"_acf_changed":false,"om_disable_all_campaigns":false,"_monsterinsights_skip_tracking":false,"_monsterinsights_sitenote_active":false,"_monsterinsights_sitenote_note":"","_monsterinsights_sitenote_category":0,"footnotes":""},"class_list":["post-2805","page","type-page","status-publish","has-post-thumbnail","hentry"],"acf":[],"yoast_head":"<!-- This site is optimized with the Yoast SEO plugin v25.1 - https:\/\/yoast.com\/wordpress\/plugins\/seo\/ -->\n<title>STELLARIX I Actualit\u00e9s<\/title>\n<meta name=\"description\" content=\"Suivez nos derni\u00e8res actualit\u00e9s au sujet d\u2019articles sur les datacenters et le monde de l\u2019h\u00e9bergement de donn\u00e9es et du cloud computing.\" \/>\n<meta name=\"robots\" content=\"index, follow, max-snippet:-1, max-image-preview:large, max-video-preview:-1\" \/>\n<link rel=\"canonical\" href=\"https:\/\/stellar-ix.com\/en\/news\/\" \/>\n<meta property=\"og:locale\" content=\"en_US\" \/>\n<meta property=\"og:type\" content=\"article\" \/>\n<meta property=\"og:title\" content=\"STELLARIX I Actualit\u00e9s\" \/>\n<meta property=\"og:description\" content=\"Suivez nos derni\u00e8res actualit\u00e9s au sujet d\u2019articles sur les datacenters et le monde de l\u2019h\u00e9bergement de donn\u00e9es et du cloud computing.\" \/>\n<meta property=\"og:url\" content=\"https:\/\/stellar-ix.com\/en\/news\/\" \/>\n<meta property=\"og:site_name\" content=\"STELLARIX\" \/>\n<meta property=\"article:modified_time\" content=\"2026-01-22T13:25:07+00:00\" \/>\n<meta property=\"og:image\" content=\"http:\/\/stellar-ix.com\/wp-content\/uploads\/2023\/02\/Colocation.png\" \/>\n\t<meta property=\"og:image:width\" content=\"600\" \/>\n\t<meta property=\"og:image:height\" content=\"600\" \/>\n\t<meta property=\"og:image:type\" content=\"image\/png\" \/>\n<meta name=\"twitter:label1\" content=\"Est. reading time\" \/>\n\t<meta name=\"twitter:data1\" content=\"1 minute\" \/>\n<!-- \/ Yoast SEO plugin. -->","yoast_head_json":{"title":"STELLARIX I Actualit\u00e9s","description":"Suivez nos derni\u00e8res actualit\u00e9s au sujet d\u2019articles sur les datacenters et le monde de l\u2019h\u00e9bergement de donn\u00e9es et du cloud computing.","robots":{"index":"index","follow":"follow","max-snippet":"max-snippet:-1","max-image-preview":"max-image-preview:large","max-video-preview":"max-video-preview:-1"},"canonical":"https:\/\/stellar-ix.com\/en\/news\/","og_locale":"en_US","og_type":"article","og_title":"STELLARIX I Actualit\u00e9s","og_description":"Suivez nos derni\u00e8res actualit\u00e9s au sujet d\u2019articles sur les datacenters et le monde de l\u2019h\u00e9bergement de donn\u00e9es et du cloud computing.","og_url":"https:\/\/stellar-ix.com\/en\/news\/","og_site_name":"STELLARIX","article_modified_time":"2026-01-22T13:25:07+00:00","og_image":[{"width":600,"height":600,"url":"http:\/\/stellar-ix.com\/wp-content\/uploads\/2023\/02\/Colocation.png","type":"image\/png"}],"twitter_misc":{"Est. reading time":"1 minute"},"schema":{"@context":"https:\/\/schema.org","@graph":[{"@type":"WebPage","@id":"https:\/\/stellar-ix.com\/en\/news\/","url":"https:\/\/stellar-ix.com\/en\/news\/","name":"STELLARIX I Actualit\u00e9s","isPartOf":{"@id":"https:\/\/stellar-ix.com\/#website"},"primaryImageOfPage":{"@id":"https:\/\/stellar-ix.com\/en\/news\/#primaryimage"},"image":{"@id":"https:\/\/stellar-ix.com\/en\/news\/#primaryimage"},"thumbnailUrl":"https:\/\/stellar-ix.com\/wp-content\/uploads\/2023\/02\/Colocation.png","datePublished":"2023-01-27T05:23:21+00:00","dateModified":"2026-01-22T13:25:07+00:00","description":"Suivez nos derni\u00e8res actualit\u00e9s au sujet d\u2019articles sur les datacenters et le monde de l\u2019h\u00e9bergement de donn\u00e9es et du cloud computing.","breadcrumb":{"@id":"https:\/\/stellar-ix.com\/en\/news\/#breadcrumb"},"inLanguage":"en-US","potentialAction":[{"@type":"ReadAction","target":["https:\/\/stellar-ix.com\/en\/news\/"]}]},{"@type":"ImageObject","inLanguage":"en-US","@id":"https:\/\/stellar-ix.com\/en\/news\/#primaryimage","url":"https:\/\/stellar-ix.com\/wp-content\/uploads\/2023\/02\/Colocation.png","contentUrl":"https:\/\/stellar-ix.com\/wp-content\/uploads\/2023\/02\/Colocation.png","width":600,"height":600},{"@type":"BreadcrumbList","@id":"https:\/\/stellar-ix.com\/en\/news\/#breadcrumb","itemListElement":[{"@type":"ListItem","position":1,"name":"Home","item":"https:\/\/www.stellar-ix.com\/en\/"},{"@type":"ListItem","position":2,"name":"News"}]},{"@type":"WebSite","@id":"https:\/\/stellar-ix.com\/#website","url":"https:\/\/stellar-ix.com\/","name":"STELLARIX","description":"Streamline your digital transformation","potentialAction":[{"@type":"SearchAction","target":{"@type":"EntryPoint","urlTemplate":"https:\/\/stellar-ix.com\/?s={search_term_string}"},"query-input":{"@type":"PropertyValueSpecification","valueRequired":true,"valueName":"search_term_string"}}],"inLanguage":"en-US"}]}},"_links":{"self":[{"href":"https:\/\/stellar-ix.com\/en\/wp-json\/wp\/v2\/pages\/2805","targetHints":{"allow":["GET"]}}],"collection":[{"href":"https:\/\/stellar-ix.com\/en\/wp-json\/wp\/v2\/pages"}],"about":[{"href":"https:\/\/stellar-ix.com\/en\/wp-json\/wp\/v2\/types\/page"}],"author":[{"embeddable":true,"href":"https:\/\/stellar-ix.com\/en\/wp-json\/wp\/v2\/users\/9"}],"replies":[{"embeddable":true,"href":"https:\/\/stellar-ix.com\/en\/wp-json\/wp\/v2\/comments?post=2805"}],"version-history":[{"count":16,"href":"https:\/\/stellar-ix.com\/en\/wp-json\/wp\/v2\/pages\/2805\/revisions"}],"predecessor-version":[{"id":4216,"href":"https:\/\/stellar-ix.com\/en\/wp-json\/wp\/v2\/pages\/2805\/revisions\/4216"}],"wp:featuredmedia":[{"embeddable":true,"href":"https:\/\/stellar-ix.com\/en\/wp-json\/wp\/v2\/media\/2122"}],"wp:attachment":[{"href":"https:\/\/stellar-ix.com\/en\/wp-json\/wp\/v2\/media?parent=2805"}],"curies":[{"name":"wp","href":"https:\/\/api.w.org\/{rel}","templated":true}]}}